{"id":9,"date":"2016-09-02T16:01:20","date_gmt":"2016-09-02T16:01:20","guid":{"rendered":"http:\/\/videodance.com.br\/?page_id=9"},"modified":"2022-11-06T22:37:24","modified_gmt":"2022-11-06T22:37:24","slug":"regulamento","status":"publish","type":"page","link":"https:\/\/videodance.com.br\/?page_id=9","title":{"rendered":"Regulamento"},"content":{"rendered":"<p><img loading=\"lazy\" decoding=\"async\" class=\"size-medium wp-image-23 aligncenter\" src=\"http:\/\/videodance.com.br\/wp-content\/uploads\/2016\/09\/logo2-300x64.png\" alt=\"logo2\" width=\"300\" height=\"64\" srcset=\"https:\/\/videodance.com.br\/wp-content\/uploads\/2016\/09\/logo2-300x64.png 300w, https:\/\/videodance.com.br\/wp-content\/uploads\/2016\/09\/logo2.png 400w\" sizes=\"(max-width: 300px) 100vw, 300px\" \/><\/p>\n<blockquote><p><strong>O Festival Videodance objetiva o crescimento desta modalidade atrav\u00e9s da promo\u00e7\u00e3o e divulga\u00e7\u00e3o de conte\u00fado em v\u00eddeo dan\u00e7a.\u00a0 Desenvolvido de forma inovadora, totalmente online, o festival proporciona ao p\u00fablico assistir incr\u00edveis produ\u00e7\u00f5es art\u00edsticas de qualquer lugar no mundo. \u00c9 uma ferramenta desenvolvida\u00a0 com a inten\u00e7\u00e3o de mostrar ao p\u00fablico as diferentes possibilidades que a uni\u00e3o entre o cinema e a dan\u00e7a s\u00e3o capazes de proporcionar. O Festival Videodance <\/strong><strong>tem sua realiza\u00e7\u00e3o online e \u00e9 aberto ao p\u00fablico em geral.<\/strong><\/p><\/blockquote>\n<h2><strong>REGULAMENTO 2023<\/strong><\/h2>\n<p><strong>1 \u2013 DA ORGANIZA\u00c7\u00c3O<\/strong><\/p>\n<p>1.1 \u2013 A 7\u00aa edi\u00e7\u00e3o do \u201cFestival Videodance\u201d vem promover a produ\u00e7\u00e3o, exibi\u00e7\u00e3o, divulga\u00e7\u00e3o e premia\u00e7\u00e3o de v\u00eddeos \u00a0na \u00e1rea de Videodan\u00e7a, abrange produ\u00e7\u00f5es nacionais e internacionais, al\u00e9m de fomentar a pesquisa e cria\u00e7\u00e3o de novos conceitos, bem como revelar e difundir a produ\u00e7\u00e3o cinematogr\u00e1fica voltada para a dan\u00e7a no Brasil e no mundo.<\/p>\n<p><strong>2 \u2013 DA INDICA\u00c7\u00c3O<\/strong><\/p>\n<p>2.1 \u2013 Os v\u00eddeos podem ser enviados pelos seus autores\/respons\u00e1veis ou indicados pelos olheiros do festival. Todos os v\u00eddeos ser\u00e3o analisados pela equipe t\u00e9cnica do festival antes da divulga\u00e7\u00e3o dos trabalhos indicados ao pr\u00eamio.<\/p>\n<p>2.2 \u2013 Ao ser indicado ao \u201cFestival VideoDance\u201d pelos olheiros do festival, o autor ou respons\u00e1vel pelo v\u00eddeo ser\u00e1 notificado, ficando a seu crit\u00e9rio aceitar ou recusar a participa\u00e7\u00e3o. Se optar pela participa\u00e7\u00e3o o respons\u00e1vel pelo v\u00eddeo deve efetuar seu cadastro no site do festival.\u00a0O respons\u00e1vel pelo v\u00eddeo pode entrar em contato para maiores informa\u00e7\u00f5es pelo e-mail do festival:\u00a0atendimento@videodance.com.br<\/p>\n<p>2.3 \u2013 Autores\/produtores de v\u00eddeos podem se inscrever e enviar o link de seu material para an\u00e1lise at\u00e9 o dia 31 de dezembro de 2022. Ser\u00e3o aceitos somente v\u00eddeos em formato digital em HD. O respons\u00e1vel pelo v\u00eddeo pode entrar em contato para maiores informa\u00e7\u00f5es pelo e-mail do festival: atendimento@videodance.com.br<\/p>\n<p>2.4 \u2013 V\u00eddeos devem obedecer as regras estabelecidas no item 10 deste edital.<\/p>\n<p>2.5 \u2013 Para filmes que contenham di\u00e1logos, legendas ou qualquer conte\u00fado de texto em l\u00edngua diferente da portuguesa, e cuja compreens\u00e3o destes seja imprescind\u00edvel para o entendimento do filme, ser\u00e1 solicitado que o realizador adicione legendas em portugu\u00eas ou ingl\u00eas. A organiza\u00e7\u00e3o do Videodance n\u00e3o se compromete a traduzir as legendas para o portugu\u00eas, caso estejam em outro idioma.<\/p>\n<p>2.6 \u2013 A participa\u00e7\u00e3o no \u201cFestival VideoDance\u201d \u00e9 totalmente gratuita, mas os v\u00eddeos inscritos\/indicados poder\u00e3o ser usados para fins comerciais\/divulga\u00e7\u00e3o no site, redes sociais e canal do Youtube do festival.<\/p>\n<p><strong>3 &#8211; CATEGORIAS<\/strong><\/p>\n<p>3.1 &#8211; O festival disp\u00f5e de 3 (tr\u00eas) categorias. Verifique em qual delas o seu v\u00eddeo melhor se encaixa:<\/p>\n<p><strong>1 &#8211; Videodance &#8211; <\/strong>V\u00eddeo profissional. Ser\u00e1 avaliado todos os recursos do v\u00eddeo com crit\u00e9rios profissionais.<\/p>\n<p><strong>2 &#8211; Freestyle <\/strong>&#8211; V\u00eddeo n\u00e3o profissional: amador, independente, acad\u00eamico ou experimental. N\u00e3o ser\u00e1 avaliado recursos t\u00e9cnicos de car\u00e1ter profissional.<\/p>\n<p><strong>3 &#8211; Mobile\u00a0<\/strong>&#8211; V\u00eddeo\u00a0em formato vertical, n\u00e3o profissional: amador, independente, acad\u00eamico ou experimental. N\u00e3o ser\u00e1 avaliado recursos t\u00e9cnicos de car\u00e1ter profissional.<\/p>\n<p>3.2 &#8211; A organiza\u00e7\u00e3o do festival ir\u00e1 avaliar se o material est\u00e1 de acordo com a categoria inscrita. Caso o v\u00eddeo inscrito esteja em categoria n\u00e3o correspondente ao n\u00edvel t\u00e9cnico exigido, a organiza\u00e7\u00e3o do festival tem total liberdade para alterar a categoria do v\u00eddeo. Exemplo: V\u00eddeo inscrito na categoria &#8220;Videodance&#8221; que n\u00e3o possui n\u00edvel t\u00e9cnico profissional, este ser\u00e1 transferido para a categoria &#8220;Freestyle&#8221;. O mesmo acontecer\u00e1 se o v\u00eddeo for inscrito como &#8220;Freestyle&#8221; mas possui n\u00edvel t\u00e9cnico avan\u00e7ado\/profissional, para ser categorizado como &#8220;Videodance&#8221;.<\/p>\n<p>3.3 &#8211;\u00a0 Cada participante poder\u00e1 inscrever quantos v\u00eddeos desejar, respeitando o tempo limite de 10 minutos para cada filme.\u00a0N\u00e3o ser\u00e1 contabilizado como tempo de v\u00eddeo os cr\u00e9ditos, ficha t\u00e9cnica, etc.<\/p>\n<p><strong>4 \u2013 DIREITOS AUTORAIS<\/strong><\/p>\n<p>4.1 \u2013 Ao aceitar participar do Festival, o respons\u00e1vel pelo v\u00eddeo autoriza o Festival Videodance \u00a0a utilizar seu v\u00eddeo para fins comerciais, incluindo canal do Youtube, materiais de divulga\u00e7\u00e3o, m\u00eddias, ve\u00edculos de comunica\u00e7\u00e3o, materiais gr\u00e1ficos, redes sociais, etc.<\/p>\n<p><strong>5 \u2013 DA SELE\u00c7\u00c3O<\/strong><\/p>\n<p>5.1 \u2013 Os filmes passar\u00e3o por avalia\u00e7\u00e3o do conte\u00fado para eventual orienta\u00e7\u00e3o do p\u00fablico, caso o material contenha cenas impr\u00f3prias para determinadas faixas et\u00e1rias. Tamb\u00e9m ser\u00e1 verificado se os filmes atendem \u00e0s condi\u00e7\u00f5es estabelecidas neste regulamento \u2013 os filmes que n\u00e3o atenderem a estes requisitos ser\u00e3o desconsiderados.<\/p>\n<p>5.2 \u2013 A divulga\u00e7\u00e3o dos v\u00eddeos selecionados estar\u00e1 dispon\u00edvel no site e no canal do Youtube do Festival Videodance a partir do dia 20 de janeiro de 2023 e as vota\u00e7\u00f5es ser\u00e3o contabilizadas imediatamente.<\/p>\n<p>5.3 \u2013 Os v\u00eddeos selecionados n\u00e3o poder\u00e3o ser alterados (imagens, m\u00fasica, edi\u00e7\u00e3o, tempo, etc) ap\u00f3s o t\u00e9rmino das inscri\u00e7\u00f5es.<\/p>\n<p>5.4 &#8211; Os v\u00eddeos selecionados estar\u00e3o dispon\u00edveis no site e no canal do Youtube do Festival Videodance por tempo indeterminado.<\/p>\n<p>5.5 \u2013 V\u00eddeos devem obedecer as regras estabelecidas no item 10 deste edital.<\/p>\n<p><strong>6 \u2013 DO J\u00daRI<\/strong><\/p>\n<p>6.1- O J\u00fari Oficial ser\u00e1 composto por 3 (tr\u00eas) profissionais com atua\u00e7\u00e3o em diferentes \u00e1reas (artes, tecnologia, cinema, dan\u00e7a, fotografia, etc), sem nenhuma participa\u00e7\u00e3o na organiza\u00e7\u00e3o do festival nem nos filmes em competi\u00e7\u00e3o.<\/p>\n<p><strong>7 \u2013 DA VOTA\u00c7\u00c3O<\/strong><\/p>\n<p>7.1 \u2013 A forma de contabiliza\u00e7\u00e3o dos votos seguir\u00e1 a seguinte somat\u00f3ria:\u00a0 &#8220;N\u00famero de curtidas&#8221; divido pelo &#8220;n\u00famero de visualiza\u00e7\u00f5es&#8221; somado aos &#8220;votos dos tr\u00eas jurados&#8221; dividido por 3,1. Veja exemplo abaixo:<\/p>\n<ul>\n<li><strong>V\u00eddeo 1:<\/strong>\u00a050 visualiza\u00e7\u00f5es, 35 curtidas, nota 6, nota 7 e nota 8<br \/>\nC\u00e1lculo: \u00a0(35\/50) + 6 + 7 + 8 = 21,7\/3,1<br \/>\nNota Final = 7<\/li>\n<\/ul>\n<p>7.2 \u2013 A vota\u00e7\u00e3o ter\u00e1 in\u00edcio no dia 20 de janeiro de 2023, imediatamente a partir da divulga\u00e7\u00e3o dos v\u00eddeos selecionados. O per\u00edodo final para contabiliza\u00e7\u00e3o do n\u00famero de visualiza\u00e7\u00f5es e curtidas ser\u00e1 no dia 01 de fevereiro de 2023.<\/p>\n<p><strong>\u00a0<\/strong><\/p>\n<p><strong>8 \u2013 DO RESULTADO<\/strong><\/p>\n<p>8.1 \u2013 O resultado da vota\u00e7\u00e3o ser\u00e1 disponibilizado no site do Festival Videodance e redes sociais no dia 10 de fevereiro de 2023.<\/p>\n<p><strong>9 \u2013 DA PREMIA\u00c7\u00c3O<\/strong><\/p>\n<p>9.1 \u2013 A classifica\u00e7\u00e3o dos premiados seguir\u00e1 a ordem de PRIMEIRO, SEGUNDO e TERCEIRO lugar. Ser\u00e3o premiados os trabalhos com as maiores notas de acordo com a somat\u00f3ria (ver item 7).<\/p>\n<p>9.2 &#8211; Os vencedores receber\u00e3o um certificado digital de participa\u00e7\u00e3o e l\u00e1urea do Festival.<\/p>\n<p><strong>10 \u2013 REGRAS<\/strong><\/p>\n<p>10.1 \u2013 Os v\u00eddeos participantes devem ser, de prefer\u00eancia, totalmente autorais. M\u00fasica, imagens, sons, fotos, coreografias, efeitos, etc. O que n\u00e3o for de sua autoria, deve conter os cr\u00e9ditos na descri\u00e7\u00e3o do v\u00eddeo. O Festival n\u00e3o se responsabiliza por eventuais casos onde o Youtube bloqueia a visualiza\u00e7\u00e3o do v\u00eddeo por ferir os direitos autorais de terceiros.<\/p>\n<p>10.2 \u2013 \u00a0Por ser um festival aberto ao p\u00fablico de todas as idades, os itens abaixo s\u00e3o essenciais para a sele\u00e7\u00e3o do v\u00eddeo.<\/p>\n<p>N\u00e3o ser\u00e3o aceitos v\u00eddeos com:<\/p>\n<ul>\n<li>Viol\u00eancia e\/ou nudez;<\/li>\n<li>Imagens com o objetivo de chocar e causar avers\u00e3o;<\/li>\n<li>Linguagem impr\u00f3pria\/vulgar;<\/li>\n<li>Apologia ao crime ou drogas;<\/li>\n<li>Assuntos pol\u00eamicos, trag\u00e9dias reais, pol\u00edtica e religi\u00e3o.<\/li>\n<\/ul>\n<p><strong>11 \u2013 DA CERTIFICA\u00c7\u00c3O<\/strong><\/p>\n<p>11.1 \u2013 Todos os v\u00eddeos indicados para vota\u00e7\u00e3o receber\u00e3o um certificado de participa\u00e7\u00e3o e l\u00e1urea. Ambos dever\u00e3o ser solicitados por e-mail (atendimento@videodance.com.br) pelo titular da conta em que o v\u00eddeo foi inscrito.<\/p>\n<p><strong>12 \u2013 DO FESTIVAL<\/strong><\/p>\n<p>12.1- O \u201cFestival Videodance\u201d, tem a dire\u00e7\u00e3o geral de <a href=\"https:\/\/videodance.com.br\/?page_id=446\">B\u00e1rbara Tredezini<\/a> com desenvolvimento e produ\u00e7\u00e3o de software por Viesba e Cia Ltda. O festival ser\u00e1 realizado a partir do 20 de janeiro de 2023 e premia\u00e7\u00e3o no dia 10 de fevereiro de 2023.<\/p>\n<p>12.2- O festival tem sua realiza\u00e7\u00e3o online via internet e \u00e9 aberto ao p\u00fablico em geral.<\/p>\n<p><strong>13 \u2013 DA DIVULGA\u00c7\u00c3O<\/strong><\/p>\n<p>13.1- Ao concordar com os termos do presente regulamento e ap\u00f3s efetuar sua inscri\u00e7\u00e3o ou ter seus trabalhos indicados pela organiza\u00e7\u00e3o do festival, autorizam a\u00a0 utiliza\u00e7\u00e3o pelo \u201cFestival VideoDance\u201d, do conte\u00fado de imagens e som dos filmes, em parte ou no todo, para fins comerciais e de divulga\u00e7\u00e3o do evento em quaisquer meios de comunica\u00e7\u00e3o imediatamente a partir da indica\u00e7\u00e3o dos mesmos.<\/p>\n<p><strong>14 \u2013 DAS DECIS\u00d5ES<\/strong><\/p>\n<p>14.1- As quest\u00f5es omissas neste regulamento ser\u00e3o resolvidas pela organiza\u00e7\u00e3o do Festival Videodance.<\/p>\n<p>14.2 \u2013 A organiza\u00e7\u00e3o do Festival VideoDance n\u00e3o se responsabilizar\u00e1 por propostas n\u00e3o recebidas em decorr\u00eancia de eventuais problemas t\u00e9cnicos ou fora dos prazos estabelecidos neste edital.<\/p>\n<p>Maiores informa\u00e7\u00f5es atrav\u00e9s do e-mail atendimento@videodance.com.br<\/p>\n<p><a href=\"http:\/\/videodance.com.br\/videodance\/index.php?action=usuario\"><strong>FAZER MINHA INSCRI\u00c7\u00c3O<\/strong><\/a><\/p>\n<p><a href=\"http:\/\/videodance.com.br\/?page_id=64\"><strong>CONHE\u00c7A OS JURADOS<\/strong><\/a><\/p>\n","protected":false},"excerpt":{"rendered":"<p>O Festival Videodance objetiva o crescimento desta modalidade atrav\u00e9s da promo\u00e7\u00e3o e divulga\u00e7\u00e3o de conte\u00fado em v\u00eddeo dan\u00e7a.\u00a0 Desenvolvido de forma inovadora, [&hellip;]<\/p>\n","protected":false},"author":1,"featured_media":0,"parent":2,"menu_order":0,"comment_status":"closed","ping_status":"closed","template":"page-templates\/page_fullwidth.php","meta":{"_exactmetrics_skip_tracking":false,"_exactmetrics_sitenote_active":false,"_exactmetrics_sitenote_note":"","_exactmetrics_sitenote_category":0,"_monsterinsights_skip_tracking":false,"_monsterinsights_sitenote_active":false,"_monsterinsights_sitenote_note":"","_monsterinsights_sitenote_category":0,"footnotes":""},"class_list":["post-9","page","type-page","status-publish","hentry"],"aioseo_notices":[],"_links":{"self":[{"href":"https:\/\/videodance.com.br\/index.php?rest_route=\/wp\/v2\/pages\/9"}],"collection":[{"href":"https:\/\/videodance.com.br\/index.php?rest_route=\/wp\/v2\/pages"}],"about":[{"href":"https:\/\/videodance.com.br\/index.php?rest_route=\/wp\/v2\/types\/page"}],"author":[{"embeddable":true,"href":"https:\/\/videodance.com.br\/index.php?rest_route=\/wp\/v2\/users\/1"}],"replies":[{"embeddable":true,"href":"https:\/\/videodance.com.br\/index.php?rest_route=%2Fwp%2Fv2%2Fcomments&post=9"}],"version-history":[{"count":43,"href":"https:\/\/videodance.com.br\/index.php?rest_route=\/wp\/v2\/pages\/9\/revisions"}],"predecessor-version":[{"id":635,"href":"https:\/\/videodance.com.br\/index.php?rest_route=\/wp\/v2\/pages\/9\/revisions\/635"}],"up":[{"embeddable":true,"href":"https:\/\/videodance.com.br\/index.php?rest_route=\/wp\/v2\/pages\/2"}],"wp:attachment":[{"href":"https:\/\/videodance.com.br\/index.php?rest_route=%2Fwp%2Fv2%2Fmedia&parent=9"}],"curies":[{"name":"wp","href":"https:\/\/api.w.org\/{rel}","templated":true}]}}