{"id":79,"date":"2016-10-10T16:05:13","date_gmt":"2016-10-10T16:05:13","guid":{"rendered":"http:\/\/videodance.com.br\/?page_id=79"},"modified":"2017-11-13T13:24:26","modified_gmt":"2017-11-13T13:24:26","slug":"termos-de-uso","status":"publish","type":"page","link":"https:\/\/videodance.com.br\/?page_id=79","title":{"rendered":"TERMOS DE USO"},"content":{"rendered":"<p><strong>TERMOS DE USO &#8211; VIDEODANCE<\/strong><\/p>\n<ol>\n<li><strong> ACEITA\u00c7\u00c3O DOS TERMOS DO SERVI\u00c7O<\/strong><\/li>\n<\/ol>\n<p>VideoDance fornece a voc\u00ea (&#8220;Usu\u00e1rio&#8221;), sujeito aos Termos do Servi\u00e7o abaixo, que podem ser modificados de tempos em tempos sem pr\u00e9vio aviso.<\/p>\n<p>Ao usar um servi\u00e7o especifico do VideoDance, o Usu\u00e1rio e o VideoDance est\u00e3o cientes de que estar\u00e3o sujeitos a qualquer manual ou regras aplic\u00e1veis a tal servi\u00e7o, esteja ele dispon\u00edvel ou n\u00e3o no momento. Todos os manuais ou regras s\u00e3o, neste ato, integrados aos Termos do Servi\u00e7o como refer\u00eancia.<\/p>\n<p>Quaisquer aditivos ou modifica\u00e7\u00f5es aos Termos do Servi\u00e7o estar\u00e3o sujeitos ao disposto na cl\u00e1usula 8, abaixo.<\/p>\n<p>Constituem parte integrante dos Termos do Servi\u00e7o: os termos e condi\u00e7\u00f5es contidos neste documento, a Pol\u00edtica de Privacidade e quaisquer regras ou pol\u00edticas vigentes que possam ser publicadas, aplic\u00e1veis a cada um dos Servi\u00e7os (ou a qualquer outro servi\u00e7o que venha a ser fornecido pelo VideoDance no futuro). Ao clicar em &#8220;Aceitar&#8221; e a utiliza\u00e7\u00e3o de qualquer Servi\u00e7o, o Usu\u00e1rio indica que leu e concordou, mesmo que tacitamente, com a vers\u00e3o mais recente dos Termos do Servi\u00e7o e vincular\u00e1 automaticamente o Usu\u00e1rio \u00e0s regras ali contidas.<\/p>\n<ol start=\"2\">\n<li><strong> DESCRI\u00c7\u00c3O DO SERVI\u00c7O<\/strong><\/li>\n<\/ol>\n<p>Atualmente, o VideoDance fornece ao Usu\u00e1rio acesso a uma grande variedade de recursos online. Salvo estabelecido de forma diversa, qualquer novo recurso que aumente ou aprimore os Servi\u00e7os atualmente disponibilizados, incluindo novos lan\u00e7amentos do Festival, estar\u00e1 automaticamente sujeito aos Termos de Servi\u00e7o.<\/p>\n<p>O Usu\u00e1rio est\u00e1 ciente e concorda que o Servi\u00e7o \u00e9 fornecido na forma como est\u00e1 disponibilizado e que o VideoDance n\u00e3o \u00e9 respons\u00e1vel por exclus\u00e3o, n\u00e3o entrega ou falha no arquivamento de qualquer comunica\u00e7\u00e3o do Usu\u00e1rio ou estabelecimento de suas op\u00e7\u00f5es de personaliza\u00e7\u00e3o.<\/p>\n<p>De forma a bem utilizar o Servi\u00e7o, o Usu\u00e1rio deve obter, por si, acesso \u00e0 &#8220;World Wide Web&#8221;, seja diretamente ou atrav\u00e9s de dispositivos que possam disponibilizar o conte\u00fado existente na Web, pagando os valores cobrados por seu provedor de acesso, se este for o caso, e providenciando todo o equipamento necess\u00e1rio para efetuar sua conex\u00e3o \u00e0 World Wide Web, incluindo computador, modem ou outro dispositivo de acesso. O Servi\u00e7o \u00e9 fornecido apenas conforme e quando estiver dispon\u00edvel.<\/p>\n<p>O Festival envidar\u00e1 os melhores esfor\u00e7os para assegurar que o Servi\u00e7o funcione da melhor maneira poss\u00edvel. No entanto, considerando a pr\u00f3pria natureza do Servi\u00e7o, as garantias fornecidas pelo Festival s\u00e3o limitadas, conforme descritas nas cl\u00e1usulas 17 e 18, abaixo.<\/p>\n<ol start=\"3\">\n<li><strong> OBRIGA\u00c7\u00d5ES DE REGISTRO DO USU\u00c1RIO<\/strong><\/li>\n<\/ol>\n<p>Em considera\u00e7\u00e3o \u00e0 utiliza\u00e7\u00e3o do Servi\u00e7o, o Usu\u00e1rio concorda em:<\/p>\n<p>(a) fornecer informa\u00e7\u00f5es verdadeiras, exatas, atuais e completas sobre si mesmo quando do registro no formul\u00e1rio espec\u00edfico (&#8220;Cadastro de Usu\u00e1rio&#8221;) para acesso ao Servi\u00e7o;<\/p>\n<p>(b) conservar e atualizar imediatamente tais informa\u00e7\u00f5es de Registro para mant\u00ea-las verdadeiras, exatas, atuais e completas.<\/p>\n<p>Se qualquer informa\u00e7\u00e3o fornecida pelo Usu\u00e1rio for falsa, incorreta, desatualizada ou incompleta, ou caso o VideoDance tenha raz\u00f5es suficientes para suspeitar que tais informa\u00e7\u00f5es sejam falsas, incorretas, desatualizadas ou incompletas, o Festival ter\u00e1 o direito em suspender ou cancelar imediatamente, independente de notifica\u00e7\u00e3o, a conta do Usu\u00e1rio e recusar toda e qualquer utiliza\u00e7\u00e3o, presente ou futura do Servi\u00e7o, ou parte dele.<\/p>\n<ol start=\"4\">\n<li><strong> POL\u00cdTICA DE PRIVACIDADE DO VIDEODANCE<\/strong><\/li>\n<\/ol>\n<p>VideoDance possui uma pol\u00edtica expressa sobre a quest\u00e3o da privacidade online. As Informa\u00e7\u00f5es de Registro e algumas outras informa\u00e7\u00f5es sobre o Usu\u00e1rio est\u00e3o sujeitas ao tratamento referido em tal pol\u00edtica de privacidade.<\/p>\n<p>Tal documento constitui parte integrante dos Termos do Servi\u00e7o e dever\u00e1 ser lido atentamente por todos os Usu\u00e1rios antes da aceita\u00e7\u00e3o e utiliza\u00e7\u00e3o do Servi\u00e7o.<\/p>\n<p>Esta pol\u00edtica de privacidade cobre o tratamento que o VideoDance d\u00e1 \u00e0s informa\u00e7\u00f5es capazes de identificar voc\u00ea, coletadas quando voc\u00ea est\u00e1 no site ou usa um de nossos servi\u00e7os. Esta pol\u00edtica cobre tamb\u00e9m o tratamento dado pelo Festival \u00e0s informa\u00e7\u00f5es capazes de identificar o usu\u00e1rio que compartilhamos com os nossos parceiros de neg\u00f3cios.<\/p>\n<p><strong>Coleta e uso de informa\u00e7\u00f5es:<\/strong><\/p>\n<ul>\n<li>O VideoDance coleta informa\u00e7\u00f5es pessoais capazes de identific\u00e1-lo quando voc\u00ea se registra para obter uma conta, usa alguns produtos ou servi\u00e7os, visita p\u00e1ginas e quando voc\u00ea entra em promo\u00e7\u00f5es ou concursos.<\/li>\n<li>Ao se registrar, perguntamos seu nome, endere\u00e7o de e-mail, data de nascimento, sexo, CEP, CPF, RG. Uma vez registrado e utilizando nossos servi\u00e7os, voc\u00ea passa a n\u00e3o ser an\u00f4nimo para n\u00f3s.<\/li>\n<li>O VideoDance tamb\u00e9m recebe e armazena automaticamente informa\u00e7\u00f5es em nossos servidores de suas atividades advindas de seu navegador, incluindo seu endere\u00e7o IP e a p\u00e1gina que voc\u00ea acessou.<\/li>\n<\/ul>\n<p><strong>Compartilhamento de informa\u00e7\u00f5es:<\/strong><\/p>\n<ul>\n<li>O VideoDance n\u00e3o ir\u00e1 vender ou alugar quaisquer de suas informa\u00e7\u00f5es pessoais a qualquer terceiro.<\/li>\n<li>Em resposta a processos judicais; ou<\/li>\n<li>Acreditarmos que suas atitudes possam ter violado os Termos do Servi\u00e7o do VideoDance, o Termos de Uso ou quaisquer outras das nossas diretrizes de uso para servi\u00e7os espec\u00edficos:<\/li>\n<li>VideoDance permite que voc\u00ea edite as suas informa\u00e7\u00f5es da conta e prefer\u00eancias a qualquer instante, incluindo a op\u00e7\u00e3o de ser ou n\u00e3o informado sobre ofertas especiais e novos produtos ou servi\u00e7os.<\/li>\n<\/ul>\n<p><strong>Seguran\u00e7a:<\/strong><\/p>\n<p>Suas Informa\u00e7\u00f5es da Conta s\u00e3o protegidas por senha para a sua seguran\u00e7a e privacidade.<\/p>\n<p><strong>Mudan\u00e7as na Pol\u00edtica de Privacidade: <\/strong><\/p>\n<p>VideoDance pode alterar esta pol\u00edtica de privacidade de tempos em tempos. Se fizermos alguma mudan\u00e7a substancial na maneira que usamos as suas informa\u00e7\u00f5es pessoais, iremos notific\u00e1-lo com um an\u00fancio em destaque em nossas p\u00e1ginas.<\/p>\n<p><strong>Perguntas ou sugest\u00f5es referentes \u00e0 Pol\u00edtica de Privacidade:<\/strong><\/p>\n<p>Se voc\u00ea tem perguntas ou sugest\u00f5es referentes \u00e0 nossa Pol\u00edtica de Privacidade, envie um e-mail para atendimento@videodance.com.br<\/p>\n<ol start=\"5\">\n<li><strong> CONTA DO USU\u00c1RIO, SENHA E SEGURAN\u00c7A<\/strong><\/li>\n<\/ol>\n<p>Ao final do processo de registro de conta, o Usu\u00e1rio dever\u00e1 escolher uma senha e identifica\u00e7\u00e3o, passando a ser integralmente respons\u00e1vel por manter a confidencialidade da senha e desta identifica\u00e7\u00e3o bem como por todas as atividades que ocorram sob sua senha e\/ou identifica\u00e7\u00e3o. O Usu\u00e1rio concorda em:<\/p>\n<p>(a) notificar imediatamente ao VideoDance (de acordo com as disposi\u00e7\u00f5es da cl\u00e1usula 20 abaixo) sobre qualquer uso n\u00e3o autorizado da sua senha ou conta ou qualquer outra quebra de seguran\u00e7a de que tome conhecimento;<\/p>\n<p>(b) sair de sua conta de Usu\u00e1rio ao final de cada sess\u00e3o e assegurar que esta n\u00e3o seja acessada por terceiros n\u00e3o autorizados.O VideoDance n\u00e3o ser\u00e1 respons\u00e1vel por qualquer perda ou dano decorrente do descumprimento do disposto nesta cl\u00e1usula por parte do Usu\u00e1rio;<\/p>\n<p>O Usu\u00e1rio reconhece e concorda que o VideoDance poder\u00e1 preservar o Conte\u00fado do Usu\u00e1rio, mas tamb\u00e9m poder\u00e1 divulg\u00e1-lo se desta forma determinar a Lei ou, de boa f\u00e9, acreditar que a preserva\u00e7\u00e3o ou a revela\u00e7\u00e3o seja necess\u00e1ria para:<\/p>\n<p>(a) cumprir com algum procedimento legal;<\/p>\n<p>(b) fazer cumprir os Termos do Servi\u00e7o;<\/p>\n<p>(c) para responder reclama\u00e7\u00f5es de que tal Conte\u00fado viole Direitos de terceiros;<\/p>\n<ol start=\"6\">\n<li><strong> RESTRI\u00c7\u00d5ES ESPEC\u00cdFICAS PARA USO INTERNACIONAL<\/strong><\/li>\n<\/ol>\n<p>Reconhecendo o alcance mundial da Internet, o Usu\u00e1rio concorda em cumprir qualquer legisla\u00e7\u00e3o local que disponha sobre a conduta de Usu\u00e1rios na rede e sobre Conte\u00fados aceit\u00e1veis. Especificamente, o Usu\u00e1rio concorda em cumprir com todas as leis aplic\u00e1veis com rela\u00e7\u00e3o \u00e0 transmiss\u00e3o de dados t\u00e9cnicos a partir do Brasil ou do pa\u00eds no qual o Usu\u00e1rio resida.<\/p>\n<ol start=\"7\">\n<li><strong> PROIBI\u00c7\u00c3O DE REVENDA DO SERVI\u00c7O<\/strong><\/li>\n<\/ol>\n<p>O Usu\u00e1rio concorda em n\u00e3o reproduzir, duplicar, copiar, vender, revender ou explorar com finalidade comercial qualquer parte do Servi\u00e7o, sua utiliza\u00e7\u00e3o ou acesso.<\/p>\n<ol start=\"8\">\n<li><strong>MODIFICA\u00c7\u00d5ES NO SERVI\u00c7O <\/strong><\/li>\n<\/ol>\n<p>O VideoDance reserva-se o direito de, a qualquer tempo, modificar ou descontinuar, temporariamente ou permanentemente, o Servi\u00e7o ou parte dele, com ou sem notifica\u00e7\u00e3o.<\/p>\n<ol start=\"9\">\n<li><strong> T\u00c9RMINO <\/strong><\/li>\n<\/ol>\n<p>O Usu\u00e1rio concorda que o VideoDance, \u00e0 sua livre discri\u00e7\u00e3o, poder\u00e1 cancelar sua senha, sua conta ou parte dela ou a utiliza\u00e7\u00e3o do Servi\u00e7o e remover ou descartar qualquer Conte\u00fado, incluindo, mas n\u00e3o se limitando, pela falta de uso ou se o VideoDance acreditar que o Usu\u00e1rio esteja violando ou agindo de forma contr\u00e1ria \u00e0 letra e ao esp\u00edrito dos Termos do Servi\u00e7o.<\/p>\n<p>O Usu\u00e1rio concorda que o t\u00e9rmino de seu acesso ao Servi\u00e7o, por qualquer raz\u00e3o constante destes Termos do Servi\u00e7o, pode ocorrer sem uma notifica\u00e7\u00e3o pr\u00e9via e reconhece e concorda que o VideoDance poder\u00e1 desativar ou apagar sua conta e todas as informa\u00e7\u00f5es e dados constantes nesta conta e\/ou bloquear o acesso a tais arquivos ou ao Servi\u00e7o.<\/p>\n<ol start=\"10\">\n<li><strong> NEGOCIA\u00c7\u00d5ES COM ANUNCIANTES<\/strong><\/li>\n<\/ol>\n<p>A correspond\u00eancia, negocia\u00e7\u00e3o ou participa\u00e7\u00e3o do Usu\u00e1rio em promo\u00e7\u00f5es com anunciantes, encontradas no ou divulgadas atrav\u00e9s do Servi\u00e7o, incluindo pagamento ou entrega de bens e servi\u00e7os, condi\u00e7\u00f5es, garantias e apresenta\u00e7\u00f5es associadas a tal negocia\u00e7\u00e3o, ocorrem exclusivamente entre o Usu\u00e1rio e o anunciante. O Usu\u00e1rio concorda que o VideoDance n\u00e3o \u00e9 respons\u00e1vel por qualquer perda e dano de qualquer tipo, incorrida como resultado de tal negocia\u00e7\u00e3o ou como resultado da presen\u00e7a do anunciante no Servi\u00e7o.<\/p>\n<ol start=\"11\">\n<li><strong> CONEX\u00d5ES (&#8220;LINKS&#8221;)<\/strong><\/li>\n<\/ol>\n<p>O Servi\u00e7o ou terceiros poder\u00e3o fornecer &#8220;links&#8221; para outros sites da World Wide Web ou outros recursos.<\/p>\n<p>Como o VideoDance n\u00e3o tem controle sobre tais sites ou recursos externos, o Usu\u00e1rio reconhece e concorda que o Festival n\u00e3o \u00e9 respons\u00e1vel pela disponibilidade dos mesmos e n\u00e3o endossa ou se responsabiliza por qualquer Conte\u00fado, propaganda, produtos, servi\u00e7os ou outros materiais contidos ou disponibilizados atrav\u00e9s de tais sites ou recursos. O Usu\u00e1rio expressamente reconhece que o VideoDance n\u00e3o ser\u00e1 respons\u00e1vel, direta ou indiretamente, por quaisquer perdas e danos que sejam efetiva ou alegadamente causados por, ou em conex\u00e3o, pela confian\u00e7a depositada em tal Conte\u00fado, bens e servi\u00e7os dispon\u00edveis no ou atrav\u00e9s de tais sites ou recursos.<\/p>\n<ol start=\"12\">\n<li><strong> DIREITOS DE PROPRIEDADE INTELECTUAL DO VIDEODANCE E DE TERCEIROS<\/strong><\/li>\n<\/ol>\n<p>O Usu\u00e1rio reconhece e concorda que o Servi\u00e7o, bem como qualquer software necess\u00e1rio utilizado em conex\u00e3o com o Servi\u00e7o (&#8220;Software&#8221;), cont\u00e9m informa\u00e7\u00f5es confidenciais de acordo com a Lei sobre Prote\u00e7\u00e3o \u00e0 Propriedade Intelectual de Programa de Computador e normas correlatas.<\/p>\n<p>O Usu\u00e1rio reconhece e concorda que o Conte\u00fado inclu\u00eddo em propagandas patrocinadoras ou informa\u00e7\u00f5es apresentadas ao Usu\u00e1rio atrav\u00e9s do Servi\u00e7o ou anunciantes s\u00e3o protegidos por direitos autorais, marcas, patentes ou outros direitos de propriedade intelectual e outra eventual legisla\u00e7\u00e3o aplic\u00e1vel. Salvo expressamente autorizado pelo VideoDance ou anunciantes, o Usu\u00e1rio concorda em n\u00e3o modificar, alugar, vender, distribuir ou criar obras derivadas a partir do Servi\u00e7o ou do Software, no todo ou em parte.<\/p>\n<p>O VideoDance garante ao Usu\u00e1rio uma licen\u00e7a pessoal, intransfer\u00edvel e n\u00e3o exclusiva para usar o c\u00f3digo objeto do Software em somente um computador pessoal. A licen\u00e7a ora garantida n\u00e3o permite que o Usu\u00e1rio, ou que este permita que terceiros copiem, modifiquem, criem obras derivadas, efetuem engenharia reversa ou desmontagem do Software ou qualquer ato para descobrir seu c\u00f3digo fonte, bem como vender, consignar, sublicenciar, conceder em garantia ou de qualquer outra forma transferir qualquer direito com rela\u00e7\u00e3o ao Software.<\/p>\n<p>O Usu\u00e1rio tamb\u00e9m n\u00e3o poder\u00e1 modificar o Software de qualquer maneira ou utilizar vers\u00f5es modificadas do Software inclusive, sem limita\u00e7\u00e3o, com a finalidade de obter acesso n\u00e3o autorizado ao Servi\u00e7o. O Usu\u00e1rio tamb\u00e9m n\u00e3o poder\u00e1 acessar o Servi\u00e7o por qualquer meio que n\u00e3o seja a interface fornecida pelo VideoDance para acessar o Servi\u00e7o.<\/p>\n<ol start=\"13\">\n<li><strong> GARANTIA LIMITADA<\/strong><\/li>\n<\/ol>\n<p>O Usu\u00e1rio expressamente concorda e est\u00e1 ciente de que:<\/p>\n<ol>\n<li>O Servi\u00e7o \u00e9 utilizado ao inteiro risco do Usu\u00e1rio. O Servi\u00e7o \u00e9 fornecido ao Usu\u00e1rio na forma em que est\u00e1 dispon\u00edvel. Em raz\u00e3o das veda\u00e7\u00f5es indicadas acima ao Usu\u00e1rio, n\u00e3o oferece garantias outras al\u00e9m das estabelecidas nestes Termos de Servi\u00e7o.<\/li>\n<li>O VideoDance n\u00e3o pode garantir que:<\/li>\n<\/ol>\n<p>(I) determinados servi\u00e7os \u00e0 disposi\u00e7\u00e3o atender\u00e3o \u00e0s necessidades do Usu\u00e1rio;<\/p>\n<p>(II) que o Servi\u00e7o ser\u00e1 prestado de forma ininterrupta, tempestiva ou livre de erros;<\/p>\n<p>(III) que o resultado obtido pelo uso do Servi\u00e7o ser\u00e1 exato ou confi\u00e1vel;<\/p>\n<p>(IV) que a qualidade de qualquer produto, servi\u00e7o, informa\u00e7\u00f5es ou outro material adquirido ou obtido pelo Usu\u00e1rio atrav\u00e9s do Servi\u00e7o atender\u00e1 \u00e0s expectativas;<\/p>\n<p>(V) que quaisquer erros ser\u00e3o corrigidos.<\/p>\n<ol>\n<li>Qualquer obten\u00e7\u00e3o de material, por meio de download ou outra forma, durante uso do Servi\u00e7o, \u00e9 efetuada ao inteiro risco do Usu\u00e1rio e ao seu livre crit\u00e9rio, sendo o Usu\u00e1rio integralmente respons\u00e1vel por qualquer preju\u00edzo causado ao sistema do computador pessoal ou pela perda de dados resultantes do download ou por qualquer outra forma de acesso a tais materiais.<\/li>\n<\/ol>\n<ol start=\"14\">\n<li><strong> LIMITA\u00c7\u00c3O DE RESPONSABILIDADE<\/strong><\/li>\n<\/ol>\n<p>O Usu\u00e1rio expressamente concorda e est\u00e1 ciente de que o VideoDance n\u00e3o ter\u00e1 qualquer responsabilidade, seja contratual ou extra-contratual, por quaisquer danos patrimoniais ou morais, incluindo, sem limita\u00e7\u00e3o, danos por lucros cessantes, perda de fundo de com\u00e9rcio ou de informa\u00e7\u00f5es ou outras perdas intang\u00edveis resultantes do:<\/p>\n<p>(I) uso ou incapacidade de usar o Servi\u00e7o;<\/p>\n<p>(II) acesso n\u00e3o autorizado \u00e0s transmiss\u00f5es ou informa\u00e7\u00f5es do Usu\u00e1rio, bem como da altera\u00e7\u00e3o destes;<\/p>\n<p>(III) orienta\u00e7\u00f5es ou condutas de terceiros sobre o Servi\u00e7o;<\/p>\n<p>(IV) por motivos de for\u00e7a maior ou caso fortuito e atos praticados pelo pr\u00f3prio Usu\u00e1rio.<\/p>\n<ol start=\"15\">\n<li><strong> AVISOS<\/strong><\/li>\n<\/ol>\n<p>Qualquer aviso ao Usu\u00e1rio dever\u00e1 ser feito atrav\u00e9s de e-mail. O Servi\u00e7o poder\u00e1, tamb\u00e9m, fornecer avisos sobre modifica\u00e7\u00f5es nos Termos do Servi\u00e7o ou qualquer outra informa\u00e7\u00e3o por meio da exibi\u00e7\u00e3o de avisos ou links no Servi\u00e7o ao Usu\u00e1rio.<\/p>\n<ol start=\"16\">\n<li><strong> DIREITOS AUTORAIS E AGENTE DE DIREITOS AUTORAIS <\/strong><\/li>\n<\/ol>\n<p>O VideoDance respeita os direitos de propriedade intelectual de terceiros e solicita que seus Usu\u00e1rios fa\u00e7am o mesmo. Se o Usu\u00e1rio ou terceiros acreditam que suas obras foram copiadas de maneira que constitua viola\u00e7\u00e3o de direitos autorais, o Usu\u00e1rio ou terceiros dever\u00e3o fornecer ao Agente de Direitos Autorais VideoDance as seguintes informa\u00e7\u00f5es:<\/p>\n<ol>\n<li>assinatura normal ou eletr\u00f4nica da pessoa autorizada a agir em nome do titular dos direitos autorais;<\/li>\n<li>descri\u00e7\u00e3o da obra protegida por direito autoral que o Usu\u00e1rio ou terceiros entendem ter sido infringido;<\/li>\n<li>descri\u00e7\u00e3o do local no site onde encontra-se o material que o Usu\u00e1rio ou terceiros alegam estar infringindo direitos autorais;<\/li>\n<li>endere\u00e7o, telefone e endere\u00e7o de e-mail do Usu\u00e1rio ou terceiros;<\/li>\n<li>declara\u00e7\u00e3o do Usu\u00e1rio ou de terceiros, mencionando acreditar de boa f\u00e9 que o uso questionado n\u00e3o foi autorizado pelo titular dos direitos autorais, seu representante ou por lei;<\/li>\n<li>declara\u00e7\u00e3o do Usu\u00e1rio, sob as penas da lei, indicando que as informa\u00e7\u00f5es contidas na notifica\u00e7\u00e3o de infra\u00e7\u00e3o s\u00e3o verdadeiras e que o Usu\u00e1rio \u00e9 o titular dos direitos autorais ou est\u00e1 autorizado a agir em defesa de tais direitos.<\/li>\n<\/ol>\n<p>O Agente de Direitos Autorais do VideoDance\u00a0 que receber\u00e1 notifica\u00e7\u00f5es de infra\u00e7\u00e3o pode ser contatado no e-mail: atendimento@videodance.com.br<\/p>\n<ol start=\"17\">\n<li><strong>DISPOSI\u00c7\u00d5ES GERAIS<\/strong><\/li>\n<\/ol>\n<p>Os Termos do Servi\u00e7o constituem o acordo integral entre o Usu\u00e1rio e o VideoDance e reger\u00e3o a utiliza\u00e7\u00e3o do Servi\u00e7o pelo Usu\u00e1rio, substituindo qualquer acordo anterior entre o Usu\u00e1rio e o VideoDance. O Usu\u00e1rio tamb\u00e9m poder\u00e1 estar sujeito a termos e condi\u00e7\u00f5es adicionais quando utilizar o Servi\u00e7o a partir do site do VideoDance.<\/p>\n<p>Os Termos do Servi\u00e7o e o relacionamento entre o Usu\u00e1rio e o VideoDance ser\u00e3o regidos pelas leis da Rep\u00fablica Federativa do Brasil, sem considera\u00e7\u00e3o a qualquer disposi\u00e7\u00e3o sobre conflito de leis. O Usu\u00e1rio e o VideoDance concordam em submeter-se \u00e0 compet\u00eancia \u00fanica e exclusiva dos tribunais localizados no Brasil.<\/p>\n<p>Caso o VideoDance deixe de exercer ou executar qualquer direito ou dispositivo dos Termos do Servi\u00e7o, isto n\u00e3o ser\u00e1 caracterizado como uma ren\u00fancia a tal direito ou dispositivo nem constituir\u00e1 nova\u00e7\u00e3o. Se qualquer dispositivo dos Termos do Servi\u00e7o for considerado inv\u00e1lido por um tribunal competente, as partes todavia concordam que o restante dos Termos do Servi\u00e7o dever\u00e1 se interpretado de tal forma a refletir a inten\u00e7\u00e3o inicial das partes, e os outros dispositivos dos Termos do Servi\u00e7o permanecer\u00e3o em pleno vigor e efeito. O Usu\u00e1rio concorda que apesar de qualquer disposi\u00e7\u00e3o ou lei contr\u00e1ria, qualquer reclama\u00e7\u00e3o ou causa de demanda decorrente ou relacionado ao uso do Servi\u00e7o ou dos Termos do Servi\u00e7o dever\u00e3o ser arquivados em um (1) ano ap\u00f3s tal reclama\u00e7\u00e3o ou causa de demanda.<\/p>\n<p>Todo e qualquer terceiro que pretender o acesso a informa\u00e7\u00f5es de Usu\u00e1rios do VideoDance localizado sob o endere\u00e7o eletr\u00f4nico www.videodance.com.br dever\u00e1 obter uma ordem judicial de um Juiz Competente.<\/p>\n<p>Tais t\u00edtulos e express\u00f5es n\u00e3o alteram a natureza dos Termos de Servi\u00e7o e n\u00e3o possuem quaisquer efeitos legais ou contratuais.<\/p>\n<p>O Usu\u00e1rio entende e expressamente autoriza que o VideoDance utilize recursos, tais como, mas n\u00e3o se limitando, &#8220;cookies&#8221;, a fim de oferecer um servi\u00e7o melhor e mais personalizado.<\/p>\n<p>O Usu\u00e1rio tem o direito de acessar e corrigir Informa\u00e7\u00f5es de Registro pessoais. O Usu\u00e1rio poder\u00e1 obter tal acesso eletronicamente.<\/p>\n<ol start=\"18\">\n<li><strong> VIOLA\u00c7\u00d5ES<\/strong><\/li>\n<\/ol>\n<p>Favor reportar qualquer viola\u00e7\u00e3o dos Termos do Servi\u00e7o ao grupo de Atendimento ao Usu\u00e1rio do VideoDance enviando um e-mail para atendimento@videodance.com.br<\/p>\n<ol start=\"19\">\n<li><strong> INSCRI\u00c7\u00c3O<\/strong><\/li>\n<\/ol>\n<p>&#8211; O usu\u00e1rio ter\u00e1 acesso a todo conte\u00fado do site.<\/p>\n<p>&#8211; Certificado de participa\u00e7\u00e3o do Festival ser\u00e1 enviado para o e-mail cadastrado do usu\u00e1rio respons\u00e1vel pela inscri\u00e7\u00e3o do v\u00eddeo.<\/p>\n<ol start=\"20\">\n<li><strong> FORO<\/strong><\/li>\n<\/ol>\n<p>O contrato de servi\u00e7o, acordado entre as partes ser\u00e1 regido pelas leis da Rep\u00fablica Federativa do Brasil, sem considera\u00e7\u00e3o a qualquer disposi\u00e7\u00e3o sobre conflito de leis. As partes elegem, para dirimir qualquer quest\u00e3o oriunda do presente contrato, o foro da comarca da Capital do Estado do Paran\u00e1, com expressa ren\u00fancia de qualquer outro, por mais privilegiado que seja.<\/p>\n","protected":false},"excerpt":{"rendered":"<p>TERMOS DE USO &#8211; VIDEODANCE ACEITA\u00c7\u00c3O DOS TERMOS DO SERVI\u00c7O VideoDance fornece a voc\u00ea (&#8220;Usu\u00e1rio&#8221;), sujeito aos Termos do Servi\u00e7o abaixo, que [&hellip;]<\/p>\n","protected":false},"author":1,"featured_media":0,"parent":2,"menu_order":0,"comment_status":"closed","ping_status":"closed","template":"","meta":{"_exactmetrics_skip_tracking":false,"_exactmetrics_sitenote_active":false,"_exactmetrics_sitenote_note":"","_exactmetrics_sitenote_category":0,"_monsterinsights_skip_tracking":false,"_monsterinsights_sitenote_active":false,"_monsterinsights_sitenote_note":"","_monsterinsights_sitenote_category":0,"footnotes":""},"class_list":["post-79","page","type-page","status-publish","hentry"],"aioseo_notices":[],"_links":{"self":[{"href":"https:\/\/videodance.com.br\/index.php?rest_route=\/wp\/v2\/pages\/79"}],"collection":[{"href":"https:\/\/videodance.com.br\/index.php?rest_route=\/wp\/v2\/pages"}],"about":[{"href":"https:\/\/videodance.com.br\/index.php?rest_route=\/wp\/v2\/types\/page"}],"author":[{"embeddable":true,"href":"https:\/\/videodance.com.br\/index.php?rest_route=\/wp\/v2\/users\/1"}],"replies":[{"embeddable":true,"href":"https:\/\/videodance.com.br\/index.php?rest_route=%2Fwp%2Fv2%2Fcomments&post=79"}],"version-history":[{"count":1,"href":"https:\/\/videodance.com.br\/index.php?rest_route=\/wp\/v2\/pages\/79\/revisions"}],"predecessor-version":[{"id":80,"href":"https:\/\/videodance.com.br\/index.php?rest_route=\/wp\/v2\/pages\/79\/revisions\/80"}],"up":[{"embeddable":true,"href":"https:\/\/videodance.com.br\/index.php?rest_route=\/wp\/v2\/pages\/2"}],"wp:attachment":[{"href":"https:\/\/videodance.com.br\/index.php?rest_route=%2Fwp%2Fv2%2Fmedia&parent=79"}],"curies":[{"name":"wp","href":"https:\/\/api.w.org\/{rel}","templated":true}]}}