{"id":66,"date":"2016-09-03T20:58:29","date_gmt":"2016-09-03T20:58:29","guid":{"rendered":"http:\/\/videodance.com.br\/?page_id=66"},"modified":"2022-12-07T14:38:32","modified_gmt":"2022-12-07T14:38:32","slug":"anuncie","status":"publish","type":"page","link":"https:\/\/videodance.com.br\/?page_id=66","title":{"rendered":"Anuncie"},"content":{"rendered":"<p><strong><img loading=\"lazy\" decoding=\"async\" class=\"size-medium wp-image-556 alignleft\" src=\"https:\/\/videodance.com.br\/wp-content\/uploads\/2016\/09\/parceria-300x201.jpg\" alt=\"\" width=\"300\" height=\"201\" srcset=\"https:\/\/videodance.com.br\/wp-content\/uploads\/2016\/09\/parceria-300x201.jpg 300w, https:\/\/videodance.com.br\/wp-content\/uploads\/2016\/09\/parceria-230x154.jpg 230w, https:\/\/videodance.com.br\/wp-content\/uploads\/2016\/09\/parceria-350x235.jpg 350w, https:\/\/videodance.com.br\/wp-content\/uploads\/2016\/09\/parceria.jpg 400w\" sizes=\"(max-width: 300px) 100vw, 300px\" \/>Seja um parceiro do Festival VideoDance!<\/strong><\/p>\n<p>Festival desenvolvido de forma inovadora, totalmente online, desde a inscri\u00e7\u00e3o at\u00e9 a premia\u00e7\u00e3o, o festival proporciona ao p\u00fablico a assistir incr\u00edveis produ\u00e7\u00f5es art\u00edsticas de qualquer lugar no mundo.<\/p>\n<p><strong>O Festival VideoDance \u00e9 o 1\u00ba Festival de Videodan\u00e7a do Brasil em formato totalmente online. <\/strong><\/p>\n<p>Objetivamos o crescimento desta modalidade atrav\u00e9s da promo\u00e7\u00e3o e divulga\u00e7\u00e3o de conte\u00fado em v\u00eddeo dan\u00e7a.<\/p>\n<p><strong>Conhe\u00e7a nosso hist\u00f3rico:<\/strong><\/p>\n<ul>\n<li>A 1\u00aa edi\u00e7\u00e3o do Festival foi realizado em janeiro de 2017 e teve um total de 30 v\u00eddeos selecionados, com inscri\u00e7\u00f5es do Brasil, Holanda e Espanha e um alcance aproximado de 10 mil visualiza\u00e7\u00f5es.<\/li>\n<li>A 2\u00aa edi\u00e7\u00e3o do Festival foi realizado em janeiro de 2018 e teve um total de 34 v\u00eddeos selecionados, com inscri\u00e7\u00f5es do Brasil, Holanda, Fran\u00e7a e Espanha e um alcance aproximado de 70 mil visualiza\u00e7\u00f5es.<\/li>\n<li>A 3\u00aa edi\u00e7\u00e3o do Festival foi realizado em janeiro de 2019 e teve um total de 20 v\u00eddeos selecionados, com inscri\u00e7\u00f5es do Brasil, Fran\u00e7a, Espanha, \u00c1ustria, It\u00e1lia, Argentina, Holanda e M\u00e9xico e um alcance aproximado de 80 mil visualiza\u00e7\u00f5es.<\/li>\n<li>4\u00aa edi\u00e7\u00e3o do Festival foi realizado em janeiro de 2020 e contou com 2 (duas) categorias. Recebeu inscri\u00e7\u00f5es de nove pa\u00edses: \u00c1frica do Sul, Argentina, Brasil, Chile, Espanha, Fran\u00e7a, Holanda, Reino Unido e R\u00fassia, com 41 v\u00eddeos selecionados, 26 profissionais e 15 amadores. Neste ano o alcance foi aproximadamente de 120 mil visualiza\u00e7\u00f5es.<\/li>\n<li>Em 2021 a 5\u00aa edi\u00e7\u00e3o do Festival contou com 3 (tr\u00eas) categorias num total de 102 trabalhos selecionados, com a participa\u00e7\u00e3o de 19 pa\u00edses: Argentina, Bielorr\u00fassia, Brasil, Canad\u00e1, Dinamarca, Esc\u00f3cia, Espanha, Estados Unidos, Finl\u00e2ndia, Gr\u00e9cia, Holanda, Indon\u00e9sia, Inglaterra, It\u00e1lia, M\u00e9xico, Portugal, R\u00fassia, Taiwan e Venezuela. Todo o evento alcan\u00e7ou um total de\u00a0400 mil visualiza\u00e7\u00f5es.<\/li>\n<li>Em 2022 a 6\u00aa edi\u00e7\u00e3o do Festival contou com 3 (tr\u00eas) categorias num total de 83 trabalhos selecionados, com a participa\u00e7\u00e3o de 17 pa\u00edses: Alemanha, Argentina, \u00c1ustria, Bielorr\u00fassia, Brasil, Canad\u00e1, Chile, Col\u00f4mbia, Equador, Espanha, EUA, Gr\u00e9cia, Indon\u00e9sia, Mo\u00e7ambique, Peru, Portugal e Reino Unido. Todo o evento alcan\u00e7ou um total de 450 mil visualiza\u00e7\u00f5es.<\/li>\n<\/ul>\n<p>As inscri\u00e7\u00f5es para a 7\u00aa edi\u00e7\u00e3o do Festival est\u00e3o abertas. O Festival ter\u00e1 in\u00edcio no dia 20 de janeiro de 2023, tem sua realiza\u00e7\u00e3o via internet e \u00e9 aberto ao p\u00fablico em geral.<\/p>\n<ul>\n<li><strong>Quer ser um parceiro? Confira mais informa\u00e7\u00f5es em nosso <a href=\"https:\/\/videodance.com.br\/wp-content\/uploads\/2022\/01\/Midia_Kit_VD2021.pdf\">M\u00eddia Kit<\/a>.\u00a0<\/strong><\/li>\n<\/ul>\n<p>Ou entre em contato para informa\u00e7\u00f5es de parcerias pelo e-mail: atendimento@videodance.com.br<\/p>\n<p>Equipe Festival VideoDance.<\/p>\n","protected":false},"excerpt":{"rendered":"<p>Seja um parceiro do Festival VideoDance! Festival desenvolvido de forma inovadora, totalmente online, desde a inscri\u00e7\u00e3o at\u00e9 a premia\u00e7\u00e3o, o festival proporciona [&hellip;]<\/p>\n","protected":false},"author":1,"featured_media":556,"parent":0,"menu_order":0,"comment_status":"closed","ping_status":"closed","template":"","meta":{"_exactmetrics_skip_tracking":false,"_exactmetrics_sitenote_active":false,"_exactmetrics_sitenote_note":"","_exactmetrics_sitenote_category":0,"_monsterinsights_skip_tracking":false,"_monsterinsights_sitenote_active":false,"_monsterinsights_sitenote_note":"","_monsterinsights_sitenote_category":0,"footnotes":""},"class_list":["post-66","page","type-page","status-publish","has-post-thumbnail","hentry"],"aioseo_notices":[],"_links":{"self":[{"href":"https:\/\/videodance.com.br\/index.php?rest_route=\/wp\/v2\/pages\/66"}],"collection":[{"href":"https:\/\/videodance.com.br\/index.php?rest_route=\/wp\/v2\/pages"}],"about":[{"href":"https:\/\/videodance.com.br\/index.php?rest_route=\/wp\/v2\/types\/page"}],"author":[{"embeddable":true,"href":"https:\/\/videodance.com.br\/index.php?rest_route=\/wp\/v2\/users\/1"}],"replies":[{"embeddable":true,"href":"https:\/\/videodance.com.br\/index.php?rest_route=%2Fwp%2Fv2%2Fcomments&post=66"}],"version-history":[{"count":9,"href":"https:\/\/videodance.com.br\/index.php?rest_route=\/wp\/v2\/pages\/66\/revisions"}],"predecessor-version":[{"id":655,"href":"https:\/\/videodance.com.br\/index.php?rest_route=\/wp\/v2\/pages\/66\/revisions\/655"}],"wp:featuredmedia":[{"embeddable":true,"href":"https:\/\/videodance.com.br\/index.php?rest_route=\/wp\/v2\/media\/556"}],"wp:attachment":[{"href":"https:\/\/videodance.com.br\/index.php?rest_route=%2Fwp%2Fv2%2Fmedia&parent=66"}],"curies":[{"name":"wp","href":"https:\/\/api.w.org\/{rel}","templated":true}]}}