{"id":64,"date":"2016-09-03T20:54:30","date_gmt":"2016-09-03T20:54:30","guid":{"rendered":"http:\/\/videodance.com.br\/?page_id=64"},"modified":"2023-01-12T21:07:14","modified_gmt":"2023-01-12T21:07:14","slug":"jurados","status":"publish","type":"page","link":"https:\/\/videodance.com.br\/?page_id=64","title":{"rendered":"Jurados"},"content":{"rendered":"<p><img loading=\"lazy\" decoding=\"async\" class=\"alignnone size-medium wp-image-23 aligncenter\" src=\"http:\/\/videodance.com.br\/wp-content\/uploads\/2016\/09\/logo2-300x64.png\" alt=\"logo2\" width=\"300\" height=\"64\" srcset=\"https:\/\/videodance.com.br\/wp-content\/uploads\/2016\/09\/logo2-300x64.png 300w, https:\/\/videodance.com.br\/wp-content\/uploads\/2016\/09\/logo2.png 400w\" sizes=\"(max-width: 300px) 100vw, 300px\" \/><\/p>\n<p><strong>\u00a0<\/strong>O J\u00fari Oficial do Festival \u00e9\u00a0 composto por 3 (tr\u00eas) profissionais com atua\u00e7\u00e3o em diferentes \u00e1reas (artes, tecnologia, cinema, dan\u00e7a, fotografia, etc), sem nenhuma participa\u00e7\u00e3o na organiza\u00e7\u00e3o do festival e nos filmes em competi\u00e7\u00e3o.<\/p>\n<p>Cada jurado \u00e9 respons\u00e1vel por avaliar aspectos distintos de cada v\u00eddeo selecionado. Seus coment\u00e1rios e notas n\u00e3o s\u00e3o acess\u00edveis pelos outros jurados nem outros participantes do Festival. Somente o respons\u00e1vel pelo v\u00eddeo ter\u00e1 acesso a todos os coment\u00e1rios e notas do seu pr\u00f3prio trabalho.<\/p>\n<p><img loading=\"lazy\" decoding=\"async\" class=\"wp-image-357 size-full aligncenter\" src=\"https:\/\/videodance.com.br\/wp-content\/uploads\/2016\/09\/gisele2.png\" alt=\"\" width=\"260\" height=\"260\" srcset=\"https:\/\/videodance.com.br\/wp-content\/uploads\/2016\/09\/gisele2.png 260w, https:\/\/videodance.com.br\/wp-content\/uploads\/2016\/09\/gisele2-150x150.png 150w, https:\/\/videodance.com.br\/wp-content\/uploads\/2016\/09\/gisele2-180x180.png 180w, https:\/\/videodance.com.br\/wp-content\/uploads\/2016\/09\/gisele2-230x230.png 230w\" sizes=\"(max-width: 260px) 100vw, 260px\" \/><\/p>\n<p style=\"text-align: center;\"><strong>Gisele Onuki<\/strong><br \/>\nDoutora e Mestre em Comunica\u00e7\u00e3o e Linguagens, Especialista em Arte-Educa\u00e7\u00e3o e Graduada em Dan\u00e7a. Professora do curso de Bacharelado em Dan\u00e7a na Unespar. Atua com temas relacionados \u00e0 est\u00e9tica, m\u00eddias digitais, arte-tecnologia e educa\u00e7\u00e3o.<\/p>\n<p><strong><img loading=\"lazy\" decoding=\"async\" class=\"wp-image-674 size-full aligncenter\" src=\"https:\/\/videodance.com.br\/wp-content\/uploads\/2023\/01\/tiago.png\" alt=\"\" width=\"260\" height=\"260\" srcset=\"https:\/\/videodance.com.br\/wp-content\/uploads\/2023\/01\/tiago.png 260w, https:\/\/videodance.com.br\/wp-content\/uploads\/2023\/01\/tiago-150x150.png 150w, https:\/\/videodance.com.br\/wp-content\/uploads\/2023\/01\/tiago-180x180.png 180w, https:\/\/videodance.com.br\/wp-content\/uploads\/2023\/01\/tiago-230x230.png 230w\" sizes=\"(max-width: 260px) 100vw, 260px\" \/><\/strong><\/p>\n<p style=\"text-align: center;\"><strong>Tiago Val\u00e9rio<\/strong><br \/>\nGraduado em em Comunica\u00e7\u00e3o Social &#8211; Publicidade e Propaganda. Diretor de cena, Roteirista, produtor, editor, m\u00fasico e Youtuber no canal <a href=\"https:\/\/www.youtube.com\/@somdoape1409\">Som do Ap\u00ea<\/a>. Atua em tv, dire\u00e7\u00e3o, cinema e comunica\u00e7\u00e3o.<\/p>\n<p><strong> <img loading=\"lazy\" decoding=\"async\" class=\"wp-image-666 size-full aligncenter\" src=\"https:\/\/videodance.com.br\/wp-content\/uploads\/2022\/12\/gustavo-1.png\" alt=\"\" width=\"260\" height=\"260\" srcset=\"https:\/\/videodance.com.br\/wp-content\/uploads\/2022\/12\/gustavo-1.png 260w, https:\/\/videodance.com.br\/wp-content\/uploads\/2022\/12\/gustavo-1-150x150.png 150w, https:\/\/videodance.com.br\/wp-content\/uploads\/2022\/12\/gustavo-1-180x180.png 180w, https:\/\/videodance.com.br\/wp-content\/uploads\/2022\/12\/gustavo-1-230x230.png 230w\" sizes=\"(max-width: 260px) 100vw, 260px\" \/><\/strong><\/p>\n<p style=\"text-align: center;\"><strong>Guto Tredezini<\/strong><br \/>\nGraduado em Design Gr\u00e1fico e Graduando em Artes. Ator, Locutor e Produtor Cultural.<br \/>\nAtua em artes, desenho, educa\u00e7\u00e3o, teatro, tv, dire\u00e7\u00e3o, cinema, comunica\u00e7\u00e3o e tecnologia.<\/p>\n","protected":false},"excerpt":{"rendered":"<p>\u00a0O J\u00fari Oficial do Festival \u00e9\u00a0 composto por 3 (tr\u00eas) profissionais com atua\u00e7\u00e3o em diferentes \u00e1reas (artes, tecnologia, cinema, dan\u00e7a, fotografia, etc), [&hellip;]<\/p>\n","protected":false},"author":1,"featured_media":0,"parent":2,"menu_order":0,"comment_status":"closed","ping_status":"closed","template":"","meta":{"_exactmetrics_skip_tracking":false,"_exactmetrics_sitenote_active":false,"_exactmetrics_sitenote_note":"","_exactmetrics_sitenote_category":0,"_monsterinsights_skip_tracking":false,"_monsterinsights_sitenote_active":false,"_monsterinsights_sitenote_note":"","_monsterinsights_sitenote_category":0,"footnotes":""},"class_list":["post-64","page","type-page","status-publish","hentry"],"aioseo_notices":[],"_links":{"self":[{"href":"https:\/\/videodance.com.br\/index.php?rest_route=\/wp\/v2\/pages\/64"}],"collection":[{"href":"https:\/\/videodance.com.br\/index.php?rest_route=\/wp\/v2\/pages"}],"about":[{"href":"https:\/\/videodance.com.br\/index.php?rest_route=\/wp\/v2\/types\/page"}],"author":[{"embeddable":true,"href":"https:\/\/videodance.com.br\/index.php?rest_route=\/wp\/v2\/users\/1"}],"replies":[{"embeddable":true,"href":"https:\/\/videodance.com.br\/index.php?rest_route=%2Fwp%2Fv2%2Fcomments&post=64"}],"version-history":[{"count":11,"href":"https:\/\/videodance.com.br\/index.php?rest_route=\/wp\/v2\/pages\/64\/revisions"}],"predecessor-version":[{"id":677,"href":"https:\/\/videodance.com.br\/index.php?rest_route=\/wp\/v2\/pages\/64\/revisions\/677"}],"up":[{"embeddable":true,"href":"https:\/\/videodance.com.br\/index.php?rest_route=\/wp\/v2\/pages\/2"}],"wp:attachment":[{"href":"https:\/\/videodance.com.br\/index.php?rest_route=%2Fwp%2Fv2%2Fmedia&parent=64"}],"curies":[{"name":"wp","href":"https:\/\/api.w.org\/{rel}","templated":true}]}}