{"id":446,"date":"2020-09-25T14:40:48","date_gmt":"2020-09-25T14:40:48","guid":{"rendered":"https:\/\/videodance.com.br\/?page_id=446"},"modified":"2023-11-06T12:40:50","modified_gmt":"2023-11-06T12:40:50","slug":"direcao","status":"publish","type":"page","link":"https:\/\/videodance.com.br\/?page_id=446","title":{"rendered":"Dire\u00e7\u00e3o"},"content":{"rendered":"<h6><img loading=\"lazy\" decoding=\"async\" class=\"size-medium wp-image-447 alignleft\" src=\"https:\/\/videodance.com.br\/wp-content\/uploads\/2020\/09\/IMG_4771-221x300.png\" alt=\"\" width=\"221\" height=\"300\" srcset=\"https:\/\/videodance.com.br\/wp-content\/uploads\/2020\/09\/IMG_4771-221x300.png 221w, https:\/\/videodance.com.br\/wp-content\/uploads\/2020\/09\/IMG_4771-768x1041.png 768w, https:\/\/videodance.com.br\/wp-content\/uploads\/2020\/09\/IMG_4771-756x1024.png 756w, https:\/\/videodance.com.br\/wp-content\/uploads\/2020\/09\/IMG_4771-830x1125.png 830w, https:\/\/videodance.com.br\/wp-content\/uploads\/2020\/09\/IMG_4771-230x312.png 230w, https:\/\/videodance.com.br\/wp-content\/uploads\/2020\/09\/IMG_4771-350x474.png 350w, https:\/\/videodance.com.br\/wp-content\/uploads\/2020\/09\/IMG_4771-480x651.png 480w, https:\/\/videodance.com.br\/wp-content\/uploads\/2020\/09\/IMG_4771.png 864w\" sizes=\"(max-width: 221px) 100vw, 221px\" \/>B\u00e1rbara Tredezini<br \/>\n<span style=\"color: #808080;\"><strong>Idealizadora e diretora do Festival VideoDance<\/strong><\/span><\/h6>\n<p>B\u00e1rbara Tredezini \u00e9 graduada em Dan\u00e7a pela Faculdade de Artes do Paran\u00e1 &#8211; atual UNESPAR. Trabalha desde 2007 com Design Gr\u00e1fico e Webdesign UI\/UX. Especialista em Marketing Digital pela Udacity &#8211; Universidade do Vale do Sil\u00edcio\/EUA. P\u00f3s-graduada em Transforma\u00e7\u00e3o Digital pela BBI of Chicago.<\/p>\n<p>Toda experi\u00eancia adquirida em outras \u00e1reas resultou num projeto onde pudesse unir a dan\u00e7a e a tecnologia.<\/p>\n<blockquote>\n<h6>&#8220;Falar de tecnologia aliado \u00e0s artes parecia um pouco na contra-m\u00e3o das tend\u00eancias previstas e refletidas por profissionais de ambos os setores&#8221;<\/h6>\n<\/blockquote>\n<p>Em 2017, quando realizou a 1\u00aa edi\u00e7\u00e3o do Festival VideoDance, pouco se sabia sobre videodan\u00e7a fora das faculdades. Inovar nesta \u00e1rea sempre foi um desafio. Pesquisadores em videodan\u00e7a andavam a passos mi\u00fados, at\u00e9 mesmo em pa\u00edses de primeiro mundo.<\/p>\n<p>Mas em tempos de crise &#8211; e atualmente uma p\u00f3s-pandemia &#8211; \u00e9 onde acontecem as maiores quebras de paradigmas que for\u00e7a todos a mudarem suas dire\u00e7\u00f5es.\u00a0\u00a0Em 2020 a visibilidade da videodan\u00e7a se tornou crescente, mesmo que sem conhecimento aprofundado. O festival se prop\u00f4s a impulsionar este tipo de cria\u00e7\u00e3o atrav\u00e9s de categorias amadoras, afim de proporcionar o interesse, o experimento e o fomento deste nicho ainda muito novo.<\/p>\n<p>Tanto as artes quanto a tecnologia &#8211; e a educa\u00e7\u00e3o &#8211; tem o papel de sempre questionar os padr\u00f5es.<\/p>\n<blockquote>\n<h6 style=\"text-align: center;\">&#8220;Acredito que toda regra deva ser quebrada se for para mudar padr\u00f5es n\u00e3o eficientes<br \/>\npara a evolu\u00e7\u00e3o do ser humano&#8221;<\/h6>\n<\/blockquote>\n","protected":false},"excerpt":{"rendered":"<p>B\u00e1rbara Tredezini Idealizadora e diretora do Festival VideoDance B\u00e1rbara Tredezini \u00e9 graduada em Dan\u00e7a pela Faculdade de Artes do Paran\u00e1 &#8211; atual [&hellip;]<\/p>\n","protected":false},"author":1,"featured_media":0,"parent":2,"menu_order":0,"comment_status":"closed","ping_status":"closed","template":"","meta":{"_exactmetrics_skip_tracking":false,"_exactmetrics_sitenote_active":false,"_exactmetrics_sitenote_note":"","_exactmetrics_sitenote_category":0,"_monsterinsights_skip_tracking":false,"_monsterinsights_sitenote_active":false,"_monsterinsights_sitenote_note":"","_monsterinsights_sitenote_category":0,"footnotes":""},"class_list":["post-446","page","type-page","status-publish","hentry"],"aioseo_notices":[],"_links":{"self":[{"href":"https:\/\/videodance.com.br\/index.php?rest_route=\/wp\/v2\/pages\/446"}],"collection":[{"href":"https:\/\/videodance.com.br\/index.php?rest_route=\/wp\/v2\/pages"}],"about":[{"href":"https:\/\/videodance.com.br\/index.php?rest_route=\/wp\/v2\/types\/page"}],"author":[{"embeddable":true,"href":"https:\/\/videodance.com.br\/index.php?rest_route=\/wp\/v2\/users\/1"}],"replies":[{"embeddable":true,"href":"https:\/\/videodance.com.br\/index.php?rest_route=%2Fwp%2Fv2%2Fcomments&post=446"}],"version-history":[{"count":11,"href":"https:\/\/videodance.com.br\/index.php?rest_route=\/wp\/v2\/pages\/446\/revisions"}],"predecessor-version":[{"id":718,"href":"https:\/\/videodance.com.br\/index.php?rest_route=\/wp\/v2\/pages\/446\/revisions\/718"}],"up":[{"embeddable":true,"href":"https:\/\/videodance.com.br\/index.php?rest_route=\/wp\/v2\/pages\/2"}],"wp:attachment":[{"href":"https:\/\/videodance.com.br\/index.php?rest_route=%2Fwp%2Fv2%2Fmedia&parent=446"}],"curies":[{"name":"wp","href":"https:\/\/api.w.org\/{rel}","templated":true}]}}