{"id":401,"date":"2020-02-05T13:40:30","date_gmt":"2020-02-05T13:40:30","guid":{"rendered":"https:\/\/videodance.com.br\/?page_id=401"},"modified":"2023-02-13T19:33:01","modified_gmt":"2023-02-13T19:33:01","slug":"imprensa","status":"publish","type":"page","link":"https:\/\/videodance.com.br\/?page_id=401","title":{"rendered":"Imprensa"},"content":{"rendered":"<p><img loading=\"lazy\" decoding=\"async\" class=\"size-full wp-image-150 aligncenter\" src=\"https:\/\/videodance.com.br\/wp-content\/uploads\/2016\/09\/cropped-logo2.png\" alt=\"\" width=\"225\" height=\"47\" \/><\/p>\n<hr \/>\n<h2><strong>RELEASE\u00a0<\/strong><\/h2>\n<hr \/>\n<p><strong>O que \u00e9 o Festival VideoDance?<\/strong><\/p>\n<p>O Festival VideoDance re\u00fane produ\u00e7\u00f5es audiovisuais de dan\u00e7a do mundo todo, com o objetivo de divulgar e promover a modalidade, al\u00e9m de fomentar as pesquisas a respeito desta arte h\u00edbrida, que mistura a dan\u00e7a voltada para o cinema. \u00c9 um festival gratuito e, diferente de outros que ocorrem no Brasil e no mundo, ele tem um formato inovador: \u00e9 totalmente online, desde a inscri\u00e7\u00e3o at\u00e9 a divulga\u00e7\u00e3o dos vencedores.<\/p>\n<p>Organizado pela bailarina e designer B\u00e1rbara Tredezini, o festival funciona de forma simples. Os interessados fazem a inscri\u00e7\u00e3o online no site e anexam o link dos seus v\u00eddeos no sistema. Uma equipe de curadores avalia se os trabalhos est\u00e3o conforme o descrito no regulamento. Os selecionados s\u00e3o levados a uma vota\u00e7\u00e3o popular, contabilizada a partir de curtidas e compartilhamentos dos v\u00eddeos no canal do festival no YouTube (<a href=\"https:\/\/www.youtube.com\/channel\/UCA5I9UgBUNIMaKEfrs3oDaA\">VideoDance Festival<\/a>).<\/p>\n<p>Mas os vencedores n\u00e3o s\u00e3o escolhidos apenas pela vota\u00e7\u00e3o popular. H\u00e1 tamb\u00e9m a nota dada pelo <a href=\"https:\/\/videodance.com.br\/?page_id=64\">j\u00fari oficial<\/a> do Festival, composto por tr\u00eas profissionais de diferentes \u00e1reas (artes, tecnologia, cinema, dan\u00e7a, fotografia, etc), que n\u00e3o tenham nenhuma participa\u00e7\u00e3o na organiza\u00e7\u00e3o do evento ou nos filmes competidores. A \u201cm\u00e9dia\u201d das duas notas (f\u00f3rmula que consta no regulamento) \u00e9 calculada automaticamente atrav\u00e9s do sistema que determina quem s\u00e3o os ganhadores.<\/p>\n<p><strong>O que h\u00e1 de diferente?<\/strong><\/p>\n<p>O festival \u00e9 dividido em categorias: VideoDance (profissional), Freestyle (amador) e Mobile (amador). O que diferencia as categorias s\u00e3o exig\u00eancias t\u00e9cnicas de qualidade da produ\u00e7\u00e3o, que est\u00e3o no regulamento. Nos projetos de n\u00edvel profissional s\u00e3o avaliados a fotografia, dire\u00e7\u00e3o, edi\u00e7\u00e3o, composi\u00e7\u00e3o, interpreta\u00e7\u00e3o, comunica\u00e7\u00e3o, etc. J\u00e1 no n\u00edvel amador s\u00e3o englobadas produ\u00e7\u00f5es amadoras, independentes, acad\u00eamicas ou experimentais.<\/p>\n<p>O festival tem as inscri\u00e7\u00f5es abertas o ano todo e encerram dia 31 de dezembro. Feita a sele\u00e7\u00e3o dos v\u00eddeos, o Festival VideoDance inicia sempre dia 20 de janeiro com a divulga\u00e7\u00e3o dos selecionados. Abre-se a vota\u00e7\u00e3o, que encerra sempre em 1 de fevereiro. No dia 10 de fevereiro s\u00e3o divulgados os vencedores.<\/p>\n<p><strong>Veja o hist\u00f3rico:<\/strong><\/p>\n<ul>\n<li>A 1\u00aa edi\u00e7\u00e3o do Festival foi realizado em janeiro de 2017 e teve um total de 30 v\u00eddeos selecionados, com inscri\u00e7\u00f5es do Brasil, Holanda e Espanha e um alcance aproximado de 10 mil visualiza\u00e7\u00f5es.<\/li>\n<li>A 2\u00aa edi\u00e7\u00e3o do Festival foi realizado em janeiro de 2018 e teve um total de 34 v\u00eddeos selecionados, com inscri\u00e7\u00f5es do Brasil, Holanda, Fran\u00e7a e Espanha e um alcance aproximado de 70 mil visualiza\u00e7\u00f5es.<\/li>\n<li>A 3\u00aa edi\u00e7\u00e3o do Festival foi realizado em janeiro de 2019 e teve um total de 20 v\u00eddeos selecionados, com inscri\u00e7\u00f5es do Brasil, Fran\u00e7a, Espanha, \u00c1ustria, It\u00e1lia, Argentina, Holanda e M\u00e9xico e um alcance aproximado de 80 mil visualiza\u00e7\u00f5es.<\/li>\n<li>4\u00aa edi\u00e7\u00e3o do Festival foi realizado em janeiro de 2020 e contou com 2 (duas) categorias. Recebeu inscri\u00e7\u00f5es de nove pa\u00edses: \u00c1frica do Sul, Argentina, Brasil, Chile, Espanha, Fran\u00e7a, Holanda, Reino Unido e R\u00fassia, com 41 v\u00eddeos selecionados, 26 profissionais e 15 amadores. Neste ano o alcance foi aproximadamente de 120 mil visualiza\u00e7\u00f5es.<\/li>\n<li>Em 2021 a 5\u00aa edi\u00e7\u00e3o do Festival contou com 3 (tr\u00eas) categorias num total de 102 trabalhos selecionados, com a participa\u00e7\u00e3o de 19 pa\u00edses: Argentina, Bielorr\u00fassia, Brasil, Canad\u00e1, Dinamarca, Esc\u00f3cia, Espanha, Estados Unidos, Finl\u00e2ndia, Gr\u00e9cia, Holanda, Indon\u00e9sia, Inglaterra, It\u00e1lia, M\u00e9xico, Portugal, R\u00fassia, Taiwan e Venezuela. Todo o evento alcan\u00e7ou um total de\u00a0400 mil visualiza\u00e7\u00f5es.<\/li>\n<li>Em 2022 a 6\u00aa edi\u00e7\u00e3o do Festival contou com 3 (tr\u00eas) categorias num total de 83 trabalhos selecionados, com a participa\u00e7\u00e3o de 17 pa\u00edses: Alemanha, Argentina, \u00c1ustria, Bielorr\u00fassia, Brasil, Canad\u00e1, Chile, Col\u00f4mbia, Equador, Espanha, EUA, Gr\u00e9cia, Indon\u00e9sia, Mo\u00e7ambique, Peru, Portugal e Reino Unido. Todo o evento alcan\u00e7ou um total de 450 mil visualiza\u00e7\u00f5es.<\/li>\n<\/ul>\n<p><strong>Mas enfim, o que \u00e9 Videodan\u00e7a?<\/strong><\/p>\n<p>N\u00e3o \u00e9 s\u00f3 uma dan\u00e7a. Tamb\u00e9m n\u00e3o \u00e9 somente um registro em v\u00eddeo de uma coreografia ou produ\u00e7\u00e3o de v\u00eddeo cinematogr\u00e1fica. Nem um videoclipe, como os produzidos por cantores para lan\u00e7arem as suas m\u00fasicas. A videodan\u00e7a \u00e9 uma arte h\u00edbrida, com objetivo de produzir uma dan\u00e7a para ser mostrada de forma cinematogr\u00e1fica, agregada a uma mensagem. \u00c9 a intera\u00e7\u00e3o dos dan\u00e7arinos com a c\u00e2mera. As duas artes (dan\u00e7a + audiovisual) precisam se \u201cconversar\u201d para ser considerada uma videodan\u00e7a.<\/p>\n<p>A modalidade surgiu ainda na d\u00e9cada de 1970, quando se come\u00e7ou a apenas registrar a dan\u00e7a em v\u00eddeo, para arquivo e posterior an\u00e1lise da coreografia. Mas foi evoluindo. Os envolvidos neste processo perceberam que era poss\u00edvel fazer produ\u00e7\u00f5es de dan\u00e7a voltadas para o v\u00eddeo, ao inv\u00e9s de apenas registros de coreografias. Mas a modalidade s\u00f3 se popularizou e evoluiu mesmo depois dos anos 2000, quando o acesso \u00e0 tecnologia ficou mais f\u00e1cil e barato. Hoje, com um celular na m\u00e3o, facilitou para quem quer produzir uma videodan\u00e7a. A modalidade ainda \u00e9 uma novidade no Brasil.<\/p>\n<p>Qualquer movimento corporal pode fazer parte desta modalidade. Por isto, n\u00e3o \u00e9 limitada somente a bailarinos profissionais. Desde que tenha uma pesquisa corporal e consiga transmitir a sua mensagem atrav\u00e9s de movimentos com o corpo, aliado a t\u00e9cnicas, pesquisa e conhecimento no \u00e2mbito do audiovisual, \u00e9 poss\u00edvel criar uma videodan\u00e7a de qualidade. E as mensagens podem falar sobre qualquer assunto da vida, desde os sentimentos mais \u00edntimos, at\u00e9 quest\u00f5es pol\u00edticas e sociais.<\/p>\n<p>Texto por: Giselle Ulbrich<br \/>\nMais informa\u00e7\u00f5es: atendimento@videodance.com.br<\/p>\n","protected":false},"excerpt":{"rendered":"<p>RELEASE\u00a0 O que \u00e9 o Festival VideoDance? O Festival VideoDance re\u00fane produ\u00e7\u00f5es audiovisuais de dan\u00e7a do mundo todo, com o objetivo de [&hellip;]<\/p>\n","protected":false},"author":1,"featured_media":0,"parent":0,"menu_order":0,"comment_status":"closed","ping_status":"closed","template":"","meta":{"_exactmetrics_skip_tracking":false,"_exactmetrics_sitenote_active":false,"_exactmetrics_sitenote_note":"","_exactmetrics_sitenote_category":0,"_monsterinsights_skip_tracking":false,"_monsterinsights_sitenote_active":false,"_monsterinsights_sitenote_note":"","_monsterinsights_sitenote_category":0,"footnotes":""},"class_list":["post-401","page","type-page","status-publish","hentry"],"aioseo_notices":[],"_links":{"self":[{"href":"https:\/\/videodance.com.br\/index.php?rest_route=\/wp\/v2\/pages\/401"}],"collection":[{"href":"https:\/\/videodance.com.br\/index.php?rest_route=\/wp\/v2\/pages"}],"about":[{"href":"https:\/\/videodance.com.br\/index.php?rest_route=\/wp\/v2\/types\/page"}],"author":[{"embeddable":true,"href":"https:\/\/videodance.com.br\/index.php?rest_route=\/wp\/v2\/users\/1"}],"replies":[{"embeddable":true,"href":"https:\/\/videodance.com.br\/index.php?rest_route=%2Fwp%2Fv2%2Fcomments&post=401"}],"version-history":[{"count":10,"href":"https:\/\/videodance.com.br\/index.php?rest_route=\/wp\/v2\/pages\/401\/revisions"}],"predecessor-version":[{"id":703,"href":"https:\/\/videodance.com.br\/index.php?rest_route=\/wp\/v2\/pages\/401\/revisions\/703"}],"wp:attachment":[{"href":"https:\/\/videodance.com.br\/index.php?rest_route=%2Fwp%2Fv2%2Fmedia&parent=401"}],"curies":[{"name":"wp","href":"https:\/\/api.w.org\/{rel}","templated":true}]}}